{"id":10654,"date":"2018-03-06T11:31:49","date_gmt":"2018-03-06T06:01:49","guid":{"rendered":"http:\/\/tamrf.org\/?page_id=10654"},"modified":"2024-04-15T04:09:29","modified_gmt":"2024-04-14T22:39:29","slug":"current-projects","status":"publish","type":"page","link":"https:\/\/tamrf.org\/es\/current-projects\/","title":{"rendered":"Current Projects"},"content":{"rendered":"<div class=\"pull-right donate-side\"><aside>\t\t\t<div class=\"textwidget\"><p><span class=\"donate-wid\">Get Started!<\/span><a href=\"http:\/\/tamrf.org\/donate\/\"><img loading=\"lazy\" decoding=\"async\" class=\"alignnone\" src=\"http:\/\/tamrf.org\/wp-content\/uploads\/pay.png\" alt=\"\" width=\"190\" height=\"290\" \/><\/a><\/p>\n<\/div>\n\t\t<\/aside><\/div>\n<h1>Proyectos actuales<\/h1>\n<h2>1. Centro de Medicina Reproductiva y Perinatalog\u00eda<\/h2>\n<p>Hospital de maternidad centrado en la atenci\u00f3n obst\u00e9trica de alto riesgo, la fertilizaci\u00f3n in vitro y la oncolog\u00eda ginecol\u00f3gica.<\/p>\n<h3>Obstetricia<\/h3>\n<ul>\n<li>adquisici\u00f3n y distribuci\u00f3n de la vacuna contra la influenza. Esto se realizar\u00eda durante la temporada de gripe anualmente. Con base en las tasas de incidencia de 2015, donde 600 de las 1200 partos se vieron afectadas por la gripe, creo que esto puede ser un beneficio, especialmente en la poblaci\u00f3n con VIH<\/li>\n<li>adquisici\u00f3n y distribuci\u00f3n de medicamentos que son de vital importancia durante las emergencias obst\u00e9tricas. Esto puede incluir uterot\u00f3nicos (oxitocina, misoprostol, carboprost, metilergonovina) y sulfato de magnesio. La mortalidad materna es casi el doble que la tasa de mortalidad de EE. UU. Y la hemorragia posparto junto con el VIH parecen ser los principales contribuyentes<\/li>\n<li>programas educativos que ayudar\u00e1n a introducir ejercicios relacionados con emergencias obst\u00e9tricas (distocia de hombro, hemorragia posparto) segundo.<\/li>\n<\/ul>\n<h3>Ginecolog\u00eda<\/h3>\n<ul>\n<li>reelabore el programa laparosc\u00f3pico mediante la modernizaci\u00f3n de los equipos existentes y, a la vez, traiga a los m\u00e9dicos del extranjero para capacitarse en t\u00e9cnicas laparosc\u00f3picas modernas.<br \/>\ndo.<\/li>\n<\/ul>\n<h3>Unidad de cuidado intensivo neonatal<\/h3>\n<ul>\n<li>La adquisici\u00f3n y distribuci\u00f3n de cuatro incubadoras y ventiladores para el uso de ox\u00edgeno como soporte para neonatos en dificultad respiratoria<br \/>\nre.<\/li>\n<\/ul>\n<h3>Educaci\u00f3n<\/h3>\n<ul>\n<li>Asistir a la conferencia anual para presentar varios temas educativos para los m\u00e9dicos a petici\u00f3n de la instituci\u00f3n.<br \/>\nContacto: Dr. Anatoly Kaminsky (correo electr\u00f3nico: <a href=\"mailto:KAMANT@mail.ru\">KAMANT@mail.ru<\/a>), Dr. Vyachesalv Kaminsky (correo electr\u00f3nico: <a href=\"mailto:Profkamvv@gmail.com\">Profkamvv@gmail.com<\/a>)<\/li>\n<\/ul>\n<h2>2. Peque\u00f1o coraz\u00f3n con arte (Caridad de VIH)<\/h2>\n<p>Caridad nacional centrada en los ni\u00f1os afectados por el VIH. Los objetivos incluyen terapia, apoyo social y financiero.<\/p>\n<h3>Prevenci\u00f3n:<\/h3>\n<ul>\n<li>desarrollo de un programa que proporciona condones y agujas \/ jeringas limpias a las poblaciones que tienen mayor riesgo de transmisi\u00f3n (drogadictos por v\u00eda intravenosa y profesionales del sexo).<\/li>\n<\/ul>\n<h3>Cribado:<\/h3>\n<ul>\n<li>adquisici\u00f3n y distribuci\u00f3n de una prueba r\u00e1pida de detecci\u00f3n del VIH<\/li>\n<\/ul>\n<h3>Tratamiento:<\/h3>\n<ul>\n<li>inicio de un programa de TAR eficaz en funci\u00f3n de los costos que llega a los 3.000 ni\u00f1os que viven con el VIH en la actualidad. Este programa ser\u00eda dirigido por un especialista en enfermedades infecciosas que determinar\u00eda el c\u00f3ctel m\u00e1s efectivo y consciente de los costos. El inter\u00e9s en viajar al pa\u00eds ser\u00eda posible capacitar a los proveedores en los reg\u00edmenes y algoritmos de monitoreo m\u00e1s actualizados.<\/li>\n<\/ul>\n<h3>Inmunizaciones:<\/h3>\n<ul>\n<li>abordar la necesidad de un programa que beneficie a los ni\u00f1os infectados por el VIH. Las inmunizaciones se centrar\u00edan en la gripe, el VPH, la Tdap y el neumococo.<\/li>\n<\/ul>\n<p>Contacto: Evgenia Smirnova (e-mail: <a href=\"mailto:es@artinukraine.com\">es@artinukraine.com<\/a>)<\/p>\n<h2>3. Proyecto de liquidaci\u00f3n de Anatevka<\/h2>\n<p>El asentamiento de refugiados comenz\u00f3 en 2015. Ocupando 12 acres (5 hect\u00e1reas) de tierras de cultivo, el rabino Moshe Azman est\u00e1 recaudando fondos (en privado y a trav\u00e9s del subsidio gubernamental) para establecer un asentamiento que permita el espacio para 500 personas (jud\u00edos, ortodoxos orientales). Actualmente el acuerdo tiene 70 personas que residen. Desde el comienzo, Anatevka ha construido una escuela, casas residenciales y una sinagoga. Actualmente se est\u00e1 construyendo un centro de salud que tendr\u00e1 un centro de rehabilitaci\u00f3n, un centro para personas mayores y un centro de salud familiar.<\/p>\n<ul>\n<li>Proporcionar y equipar el centro de salud familiar de dos habitaciones. Los recursos del equipo se enfocar\u00e1n en servicios preventivos (pruebas de detecci\u00f3n, inmunizaci\u00f3n, recursos educativos)<\/li>\n<li>Cama para el examen del paciente (2), gabinetes, monitor de presi\u00f3n arterial, gluc\u00f3metro, term\u00f3metro, otoscopio, estetoscopio, colposcopia, sonograma, vacunas &#8230; etc.<\/li>\n<li>Contacto: Rabino Moshe Azman (correo electr\u00f3nico: <a href=\"mailto:ukrrabbi@gmail.com\">ukrrabbi@gmail.com<\/a>)<\/li>\n<li>Patrocinio del rabino Azman para viajar a Nueva York en la primavera para la campa\u00f1a de recaudaci\u00f3n de fondos.<\/li>\n<\/ul>\n<h2>4. Cl\u00ednica m\u00e9dica de Oxford (Kiev \/ Lviv)<\/h2>\n<p>Centro de salud de gesti\u00f3n privada con 27 sitios en todo el pa\u00eds. Pr\u00e1ctica de m\u00faltiples especialidades, completamente amueblada y equipada con todas las pruebas de detecci\u00f3n e inmunizaciones actualizadas.<\/p>\n<h2>Fondo p\u00fablico<\/h2>\n<h3>Sistema de cupones<\/h3>\n<ul>\n<li>A trav\u00e9s de contribuciones caritativas, TAMRF crear\u00e1 un fondo p\u00fablico que dispersar\u00e1 fondos a trav\u00e9s de cupones especiales que ofrecer\u00e1n al destinatario una cantidad predeterminada (40 d\u00f3lares estadounidenses) para centrarse en las visitas anuales preventivas (incluidas las pruebas de detecci\u00f3n y las inmunizaciones). Seg\u00fan los precios actuales, los centros privados cobran 700-800 hryvnas (30 d\u00f3lares estadounidenses)<\/li>\n<\/ul>\n<h3>Subsidie \u200b\u200bel equipo para la pr\u00e1ctica<\/h3>\n<ul>\n<li>TAMRF recaudar\u00e1 fondos para adquirir nuevos equipos para el centro con el que nos estamos asociando. Se pueden obtener elementos tales como una mamograf\u00eda o una torre de histeroscopia (subsidio) y una parte de los reembolsos se atribuir\u00e1 al fondo p\u00fablico.<\/li>\n<\/ul>\n<h3>Educaci\u00f3n<\/h3>\n<ul>\n<li>TAMRF proporcionar\u00e1 m\u00e9dicos de los Estados Unidos para viajar y capacitar a proveedores ucranianos en t\u00e9cnicas y procedimientos que su pr\u00e1ctica considere necesarios (independientemente de la especialidad). A cambio, las tarifas de consulta no se aplicar\u00e1n y se aplicar\u00e1n al Fondo p\u00fablico.<\/li>\n<\/ul>\n<p>P\u00f3ngase en contacto con Tatjana Alexandra: <a href=\"mailto:dirkiev@oxfordmed.com.ua\">dirkiev@oxfordmed.com.ua<\/a>, y Olga Saayan: <a href=\"mailto:olya.saakyan@gmail.com\">olya.saakyan@gmail.com<\/a><\/p>\n","protected":false},"excerpt":{"rendered":"<p>Proyectos actuales 1. Centro de Medicina Reproductiva y Perinatalog\u00eda Hospital de maternidad centrado en la atenci\u00f3n obst\u00e9trica de alto riesgo, la fertilizaci\u00f3n in vitro y la oncolog\u00eda ginecol\u00f3gica. Obstetricia adquisici\u00f3n y distribuci\u00f3n de la vacuna contra la influenza. Esto se realizar\u00eda durante la temporada de gripe anualmente. Con base en las tasas de incidencia de 2015, donde 600 de las 1200 partos se vieron afectadas por la gripe, creo que esto puede ser un beneficio, especialmente en la poblaci\u00f3n con VIH adquisici\u00f3n y distribuci\u00f3n de medicamentos que son de vital importancia durante las emergencias obst\u00e9tricas. Esto puede incluir uterot\u00f3nicos (oxitocina,&#8230;<\/p>\n","protected":false},"author":7,"featured_media":0,"parent":0,"menu_order":0,"comment_status":"closed","ping_status":"closed","template":"","meta":{"ngg_post_thumbnail":0,"footnotes":""},"class_list":["post-10654","page","type-page","status-publish","hentry"],"aioseo_notices":[],"_links":{"self":[{"href":"https:\/\/tamrf.org\/es\/wp-json\/wp\/v2\/pages\/10654","targetHints":{"allow":["GET"]}}],"collection":[{"href":"https:\/\/tamrf.org\/es\/wp-json\/wp\/v2\/pages"}],"about":[{"href":"https:\/\/tamrf.org\/es\/wp-json\/wp\/v2\/types\/page"}],"author":[{"embeddable":true,"href":"https:\/\/tamrf.org\/es\/wp-json\/wp\/v2\/users\/7"}],"replies":[{"embeddable":true,"href":"https:\/\/tamrf.org\/es\/wp-json\/wp\/v2\/comments?post=10654"}],"version-history":[{"count":5,"href":"https:\/\/tamrf.org\/es\/wp-json\/wp\/v2\/pages\/10654\/revisions"}],"predecessor-version":[{"id":12053,"href":"https:\/\/tamrf.org\/es\/wp-json\/wp\/v2\/pages\/10654\/revisions\/12053"}],"wp:attachment":[{"href":"https:\/\/tamrf.org\/es\/wp-json\/wp\/v2\/media?parent=10654"}],"curies":[{"name":"wp","href":"https:\/\/api.w.org\/{rel}","templated":true}]}}