{"id":10980,"date":"2018-03-09T16:31:54","date_gmt":"2018-03-09T11:01:54","guid":{"rendered":"http:\/\/tamrf.org\/?page_id=10980"},"modified":"2022-03-08T04:10:53","modified_gmt":"2022-03-07T22:40:53","slug":"donate","status":"publish","type":"page","link":"https:\/\/tamrf.org\/es\/donate\/","title":{"rendered":"Donate"},"content":{"rendered":"<h1 id=\"tw-target-text\" class=\"tw-data-text tw-text-large tw-ta\" dir=\"ltr\" data-placeholder=\"Translation\"><span class=\"Y2IQFc\" lang=\"es\">\u00a1Gracias por apoyar nuestro trabajo de salvamento! Cada d\u00f3lar hace la diferencia.<br \/>\n<\/span><\/h1>\n<p class=\"tw-data-text tw-text-large tw-ta\" dir=\"ltr\" data-placeholder=\"Translation\"><span class=\"Y2IQFc\" lang=\"es\">Convi\u00e9rtete en un superh\u00e9roe Los acontecimientos recientes en Ucrania han creado la mayor cantidad de agitaci\u00f3n para un pueblo pac\u00edfico. Todos los que apoyamos al pueblo ucraniano estamos sufriendo. M\u00e1s a\u00fan, los j\u00f3venes y los enfermos est\u00e1n internados en los hospitales infantiles (en Ucrania) por diversas razones (desde el VIH hasta el c\u00e1ncer) y necesitan nuestro apoyo. La escuela de superh\u00e9roes es un conglomerado de programas (ubicados en Kiev y otras ciudades importantes de Ucrania) que ofrecen apoyo educativo, social y psicol\u00f3gico para aquellas mentes en desarrollo comprometidas con estas instituciones durante per\u00edodos prolongados de tiempo. Reciben atenci\u00f3n para sus condiciones mientras reciben este apoyo adicional para promover una mente y un cuerpo sanos. Especialmente ahora, m\u00e1s que nunca, necesitan nuestra ayuda. Considere este programa y apoye a la escuela de superh\u00e9roes. Convi\u00e9rtete en un superh\u00e9roe para estos hermosos y menos afortunados ni\u00f1os. <\/span><span class=\"Y2IQFc\" lang=\"es\">Dios los bendiga Ucrania 2022 Recaudaci\u00f3n de fondos <a href=\"https:\/\/gofund.me\/85d108c0\">https:\/\/gofund.me\/85d108c0<\/a><\/span><\/p>\n","protected":false},"excerpt":{"rendered":"<p>\u00a1Gracias por apoyar nuestro trabajo de salvamento! Cada d\u00f3lar hace la diferencia. Convi\u00e9rtete en un superh\u00e9roe Los acontecimientos recientes en Ucrania han creado la mayor cantidad de agitaci\u00f3n para un pueblo pac\u00edfico. Todos los que apoyamos al pueblo ucraniano estamos sufriendo. M\u00e1s a\u00fan, los j\u00f3venes y los enfermos est\u00e1n internados en los hospitales infantiles (en Ucrania) por diversas razones (desde el VIH hasta el c\u00e1ncer) y necesitan nuestro apoyo. La escuela de superh\u00e9roes es un conglomerado de programas (ubicados en Kiev y otras ciudades importantes de Ucrania) que ofrecen apoyo educativo, social y psicol\u00f3gico para aquellas mentes en desarrollo comprometidas&#8230;<\/p>\n","protected":false},"author":7,"featured_media":0,"parent":0,"menu_order":0,"comment_status":"closed","ping_status":"closed","template":"","meta":{"ngg_post_thumbnail":0,"footnotes":""},"class_list":["post-10980","page","type-page","status-publish","hentry"],"aioseo_notices":[],"_links":{"self":[{"href":"https:\/\/tamrf.org\/es\/wp-json\/wp\/v2\/pages\/10980","targetHints":{"allow":["GET"]}}],"collection":[{"href":"https:\/\/tamrf.org\/es\/wp-json\/wp\/v2\/pages"}],"about":[{"href":"https:\/\/tamrf.org\/es\/wp-json\/wp\/v2\/types\/page"}],"author":[{"embeddable":true,"href":"https:\/\/tamrf.org\/es\/wp-json\/wp\/v2\/users\/7"}],"replies":[{"embeddable":true,"href":"https:\/\/tamrf.org\/es\/wp-json\/wp\/v2\/comments?post=10980"}],"version-history":[{"count":30,"href":"https:\/\/tamrf.org\/es\/wp-json\/wp\/v2\/pages\/10980\/revisions"}],"predecessor-version":[{"id":11807,"href":"https:\/\/tamrf.org\/es\/wp-json\/wp\/v2\/pages\/10980\/revisions\/11807"}],"wp:attachment":[{"href":"https:\/\/tamrf.org\/es\/wp-json\/wp\/v2\/media?parent=10980"}],"curies":[{"name":"wp","href":"https:\/\/api.w.org\/{rel}","templated":true}]}}