{"id":20,"date":"2014-11-10T21:59:33","date_gmt":"2014-11-10T21:59:33","guid":{"rendered":"http:\/\/tamrf.org\/?page_id=20"},"modified":"2018-08-24T11:23:22","modified_gmt":"2018-08-24T05:53:22","slug":"about-us","status":"publish","type":"page","link":"https:\/\/tamrf.org\/es\/about-us\/","title":{"rendered":"About Us"},"content":{"rendered":"<div class=\"pull-right donate-side\"><aside>\t\t\t<div class=\"textwidget\"><p><span class=\"donate-wid\">Get Started!<\/span><a href=\"http:\/\/tamrf.org\/donate\/\"><img loading=\"lazy\" decoding=\"async\" class=\"alignnone\" src=\"http:\/\/tamrf.org\/wp-content\/uploads\/pay.png\" alt=\"\" width=\"190\" height=\"290\" \/><\/a><\/p>\n<\/div>\n\t\t<\/aside><\/div>\n<h1>Acerca de Trans-Atlantic Medical Relief Foundation<\/h1>\n<p><strong> UN MUNDO &#8230; UNA SALUD<\/strong><\/p>\n<p>La disparidad en la atenci\u00f3n m\u00e9dica sigue siendo el quid de por qu\u00e9 la morbilidad y la mortalidad difieren en todo el mundo. El marcado contraste es claro cuando la econom\u00eda determina qui\u00e9n recibe tratamiento y qu\u00e9 tan bien ser\u00e1 el tratamiento. El acceso a menudo est\u00e1 limitado, con inequidades claramente presentes a lo largo de m\u00faltiples plataformas de atenci\u00f3n m\u00e9dica. La Fundaci\u00f3n Transatl\u00e1ntica de Ayuda M\u00e9dica fue creada para frenar esa desafortunada verdad. Desde su inicio, TAMRF se ha enfocado en poblaciones que tienen contacto limitado con proveedores y suministros que proporcionar\u00edan atenci\u00f3n m\u00e9dica de calidad. Durante el a\u00f1o pasado, hemos cambiado nuestros esfuerzos iniciales hacia Ucrania.<\/p>\n<p>Esta naci\u00f3n de Europa del Este ha visto conflictos pol\u00edticos y econ\u00f3micos en los \u00faltimos tiempos. La cobertura universal para la atenci\u00f3n m\u00e9dica es solo de nombre. Parece que hay una gran escasez de recursos, suministros y mano de obra para administrar una poblaci\u00f3n de 45,0000,000. Como resultado, el pa\u00eds tiene una de las tasas de mortalidad m\u00e1s altas de Europa, una esperanza de vida que se retrasa en casi una d\u00e9cada y una tasa de natalidad que es una de las m\u00e1s bajas del mundo. Su incidencia del VIH ha estado aumentando desde la d\u00e9cada de 1990 y ahora representa algunas de las tasas m\u00e1s altas en el mundo industrializado. El estigma ha afectado a los ni\u00f1os infectados con el VIH. Abandonados con poco apoyo, muchos de estos ni\u00f1os desafortunados crecen con enfermedades de salud mental y trastornos por abuso de sustancias que solo aumentan el riesgo de enfermedades contagiosas como el VIH y la hepatitis C.<\/p>\n<p>El conflicto militar en curso en el este de Ucrania ha dejado a millones sin hogar. La infraestructura ucraniana actual no puede apoyar a este grupo de ciudadanos desplazados. Las necesidades m\u00e9dicas no se reconocen y la enfermedad y la muerte aumentan innecesariamente. Finalmente, debido a los recursos limitados, los m\u00e1s vulnerables de Ucrania est\u00e1n viendo que las tasas de mortalidad contin\u00faan aumentando. La mortalidad materna y la mortalidad infantil han aumentado dram\u00e1ticamente y todo debido a los suministros necesarios y una fuerza de trabajo limitada contin\u00faan afectando la atenci\u00f3n de estos grupos. Debido a la angustia econ\u00f3mica, muchos proveedores de servicios de salud est\u00e1n siendo mal pagados por el gobierno. Esto ha provocado que muchos proveedores abandonen el sector p\u00fablico y busquen empleo en cl\u00ednicas privadas. El acceso a la cl\u00ednica es limitado porque el promedio de Ucrania gana menos de 10 $ USD \/ d\u00eda. Este nivel de pobreza impide que el ciudadano promedio reciba la atenci\u00f3n que necesita.<\/p>\n<p>Nuestra nueva iniciativa nos llevar\u00e1 a trav\u00e9s del Oc\u00e9ano Atl\u00e1ntico a Am\u00e9rica Latina. Con el reciente colapso en el precio del petr\u00f3leo, las sanciones econ\u00f3micas impuestas por los EE. UU. Y la correspondiente implosi\u00f3n de la econom\u00eda venezolana, la promesa del gobierno de una atenci\u00f3n m\u00e9dica de calidad gratuita para todos sus ciudadanos se rompi\u00f3. Aunque el gobierno venezolano ha proporcionado pocas estad\u00edsticas oficiales para medir la amplitud de esta crisis, los datos proporcionados a la ONU por el gobierno venezolano en su llamamiento a la ayuda humanitaria dejan en claro que Venezuela sufre ahora de:<\/p>\n<ul>\n<li>Escasez de medicamentos b\u00e1sicos para salvar vidas como antibi\u00f3ticos, medicamentos quimioterap\u00e9uticos e incluso medicamentos antiinflamatorios no esteroideos simples.<\/li>\n<li>Escasez de suministros como vendas, jeringas, soluci\u00f3n salina y camillas.<\/li>\n<li>Los tiempos de espera para las cirug\u00edas que salvan vidas han aumentado a meses o m\u00e1s.<\/li>\n<li>Un \u00e9xodo masivo de proveedores de atenci\u00f3n m\u00e9dica. Casi el 20% de la fuerza laboral m\u00e9dica del pa\u00eds abandon\u00f3 el pa\u00eds.<\/li>\n<li>Un aumento dram\u00e1tico en la mortalidad materna e infantil. Desde 2015-2016, hubo un aumento del 66% en las muertes maternas y un aumento del 30% en la mortalidad infantil.<\/li>\n<li>Los alimentos tambi\u00e9n se han vuelto cada vez m\u00e1s escasos, lo que ha provocado un aumento en el porcentaje de beb\u00e9s y madres embarazadas que padecen deficiencia de vitaminas y minerales. Seg\u00fan la OMS, aproximadamente un tercio de los beb\u00e9s y las madres embarazadas padecen alg\u00fan tipo de deficiencia de vitaminas y \/ o minerales que conduce a mayores \u00edndices de anemia, defectos del tubo neural, crecimiento \/ desarrollo deficiente y enfermedad tiroidea secundaria a la ingesta deficiente de yoduro.<\/li>\n<li>Aunque existen centros de salud privados, estas instalaciones atienden solo a una peque\u00f1a minor\u00eda.<\/li>\n<\/ul>\n<p>TAMRF se ha asociado con varias instalaciones p\u00fablicas en Venezuela para llevar ayuda m\u00e9dica a su poblaci\u00f3n afectada. Nuestro enfoque inicial ser\u00e1 en la atenci\u00f3n prenatal. Con el apoyo de nuestros generosos patrocinadores, nuestro objetivo es recaudar suficiente dinero para comprar 1,000 cajas de f\u00f3rmula para beb\u00e9s y vitaminas prenatales para ser adquiridas en los EE. UU. Y distribuidas por nuestros socios locales en Venezuela.<\/p>\n<p>Presentamos nuestros esfuerzos durante el a\u00f1o pasado (octubre de 2016-presente). Este sitio web incluir\u00e1 una revisi\u00f3n de nuestros programas actuales, programas futuros y nuestros m\u00e9todos de recaudaci\u00f3n de fondos durante este per\u00edodo espec\u00edfico. Trans-Atlantic Medical Relief Foundation es un grupo caritativo con sede en Nueva York, certificado con el Servicio de Rentas Internas como una organizaci\u00f3n sin fines de lucro 501c (3). Hemos proporcionado ayuda m\u00e9dica en una plataforma internacional y el prop\u00f3sito de este informe es mantener un nivel de transparencia para todos. Han contribuido en el pasado y lo har\u00e1n en el futuro.<\/p>\n<p>Estoy agradecido por todo el apoyo que hemos recibido este a\u00f1o pasado y al mirar hacia el futuro, soy optimista de que vamos a tener \u00e9xito al continuar el camino que hemos comenzado &#8230; Equidad global en atenci\u00f3n m\u00e9dica.<\/p>\n<p>Salutem Primum<br \/>\nAtentamente,<br \/>\n<strong> Shawn Yunayev MD FACOG FACS<br \/>\nFundador \/ Director<\/strong><\/p>\n<h2>Principios del fondo:<\/h2>\n<ul class=\"fund-principle-list\">\n<li>Charity-Fund ayuda y promueve la ayuda social.<\/li>\n<li>Apertura y transparencia: el Fondo garantiza el uso adecuado de los fondos para todas las partes interesadas involucradas.<\/li>\n<li>Voluntariado: cada persona puede brindar ayuda de caridad y participar en las actividades y programas del Fondo.<\/li>\n<li>Efectividad y responsabilidad: el Fondo se esfuerza por utilizar los m\u00e9todos y mecanismos m\u00e1s efectivos, lo que nos ayuda a lograr los mejores resultados.<\/li>\n<li>El fondo existe y funciona de acuerdo con la legislaci\u00f3n regional \/ nacional, las normas reconocidas y los principios del derecho internacional.<\/li>\n<li>Todas las actividades y servicios conjuntos deben realizarse bajo los est\u00e1ndares y la supervisi\u00f3n determinados por TAMRF.<\/li>\n<\/ul>\n","protected":false},"excerpt":{"rendered":"<p>Acerca de Trans-Atlantic Medical Relief Foundation UN MUNDO &#8230; UNA SALUD La disparidad en la atenci\u00f3n m\u00e9dica sigue siendo el quid de por qu\u00e9 la morbilidad y la mortalidad difieren en todo el mundo. El marcado contraste es claro cuando la econom\u00eda determina qui\u00e9n recibe tratamiento y qu\u00e9 tan bien ser\u00e1 el tratamiento. El acceso a menudo est\u00e1 limitado, con inequidades claramente presentes a lo largo de m\u00faltiples plataformas de atenci\u00f3n m\u00e9dica. La Fundaci\u00f3n Transatl\u00e1ntica de Ayuda M\u00e9dica fue creada para frenar esa desafortunada verdad. Desde su inicio, TAMRF se ha enfocado en poblaciones que tienen contacto limitado con proveedores&#8230;<\/p>\n","protected":false},"author":7,"featured_media":0,"parent":0,"menu_order":7,"comment_status":"closed","ping_status":"closed","template":"","meta":{"ngg_post_thumbnail":0,"footnotes":""},"class_list":["post-20","page","type-page","status-publish","hentry"],"aioseo_notices":[],"_links":{"self":[{"href":"https:\/\/tamrf.org\/es\/wp-json\/wp\/v2\/pages\/20","targetHints":{"allow":["GET"]}}],"collection":[{"href":"https:\/\/tamrf.org\/es\/wp-json\/wp\/v2\/pages"}],"about":[{"href":"https:\/\/tamrf.org\/es\/wp-json\/wp\/v2\/types\/page"}],"author":[{"embeddable":true,"href":"https:\/\/tamrf.org\/es\/wp-json\/wp\/v2\/users\/7"}],"replies":[{"embeddable":true,"href":"https:\/\/tamrf.org\/es\/wp-json\/wp\/v2\/comments?post=20"}],"version-history":[{"count":38,"href":"https:\/\/tamrf.org\/es\/wp-json\/wp\/v2\/pages\/20\/revisions"}],"predecessor-version":[{"id":11675,"href":"https:\/\/tamrf.org\/es\/wp-json\/wp\/v2\/pages\/20\/revisions\/11675"}],"wp:attachment":[{"href":"https:\/\/tamrf.org\/es\/wp-json\/wp\/v2\/media?parent=20"}],"curies":[{"name":"wp","href":"https:\/\/api.w.org\/{rel}","templated":true}]}}